{"id":1357,"date":"2026-01-14T11:02:20","date_gmt":"2026-01-14T14:02:20","guid":{"rendered":"https:\/\/get84.com.br\/?page_id=1357"},"modified":"2026-01-14T11:12:19","modified_gmt":"2026-01-14T14:12:19","slug":"go84-2","status":"publish","type":"page","link":"https:\/\/get84.com.br\/","title":{"rendered":"GO84"},"content":{"rendered":"\t\t<div data-elementor-type=\"wp-page\" data-elementor-id=\"1357\" class=\"elementor elementor-1357\" data-elementor-post-type=\"page\">\n\t\t\t\t<div class=\"elementor-element elementor-element-ad78df0 e-flex e-con-boxed e-con e-parent\" data-id=\"ad78df0\" data-element_type=\"container\">\n\t\t\t\t\t<div class=\"e-con-inner\">\n\t\t\t\t<div class=\"elementor-element elementor-element-ce6a151 elementor-widget elementor-widget-spacer\" data-id=\"ce6a151\" data-element_type=\"widget\" data-widget_type=\"spacer.default\">\n\t\t\t\t<div class=\"elementor-widget-container\">\n\t\t\t\t\t\t\t<div class=\"elementor-spacer\">\n\t\t\t<div class=\"elementor-spacer-inner\"><\/div>\n\t\t<\/div>\n\t\t\t\t\t\t<\/div>\n\t\t\t\t<\/div>\n\t\t\t\t\t<\/div>\n\t\t\t\t<\/div>\n\t\t<div class=\"elementor-element elementor-element-352fd7e e-con-full e-flex e-con e-parent\" data-id=\"352fd7e\" data-element_type=\"container\">\n\t\t\t\t<div class=\"elementor-element elementor-element-9447a26 elementor-widget elementor-widget-html\" data-id=\"9447a26\" data-element_type=\"widget\" data-widget_type=\"html.default\">\n\t\t\t\t<div class=\"elementor-widget-container\">\n\t\t\t\t\t<!DOCTYPE html>\r\n<html lang=\"pt-br\">\r\n<head>\r\n    <meta charset=\"UTF-8\">\r\n    <meta name=\"viewport\" content=\"width=device-width, initial-scale=1.0\">\r\n    <title>GO84 - Uma evolu\u00e7\u00e3o da GET84<\/title>\r\n    <meta name=\"description\" content=\"A GET84 est\u00e1 evoluindo. Em breve seremos GO84.\">\r\n    \r\n    <!-- Tailwind CSS -->\r\n    <script src=\"https:\/\/cdn.tailwindcss.com\"><\/script>\r\n    \r\n    <!-- Fonte Google (Inter) -->\r\n    <link rel=\"preconnect\" href=\"https:\/\/fonts.googleapis.com\">\r\n    <link rel=\"preconnect\" href=\"https:\/\/fonts.gstatic.com\" crossorigin>\r\n    <link href=\"https:\/\/fonts.googleapis.com\/css2?family=Inter:wght@300;400;600;800&display=swap\" rel=\"stylesheet\">\r\n\r\n    <style>\r\n        body {\r\n            font-family: 'Inter', sans-serif;\r\n            background-color: #ffffff; \/* Fundo Branco Puro *\/\r\n        }\r\n        \r\n        \/* Anima\u00e7\u00e3o suave de entrada *\/\r\n        .fade-in-up {\r\n            animation: fadeInUp 0.8s ease-out forwards;\r\n            opacity: 0;\r\n            transform: translateY(20px);\r\n        }\r\n\r\n        @keyframes fadeInUp {\r\n            to {\r\n                opacity: 1;\r\n                transform: translateY(0);\r\n            }\r\n        }\r\n    <\/style>\r\n<\/head>\r\n<body class=\"min-h-screen flex items-center justify-center p-6 relative\">\r\n\r\n    <!-- Container Principal (Branco com Sombra Suave para destaque) -->\r\n    <div class=\"relative z-10 w-full max-w-4xl bg-white rounded-2xl shadow-[0_8px_30px_rgb(0,0,0,0.08)] border border-gray-100 overflow-hidden fade-in-up\">\r\n        \r\n        <div class=\"flex flex-col md:flex-row\">\r\n            \r\n            <!-- Lado Esquerdo: Texto -->\r\n            <div class=\"w-full md:w-3\/5 p-10 md:p-14 flex flex-col items-center md:items-start justify-center text-center md:text-left bg-white\">\r\n                \r\n                <span class=\"inline-block px-3 py-1 rounded-full bg-gray-50 text-gray-600 text-xs font-bold tracking-widest uppercase mb-6 border border-gray-100\">\r\n                    Comunicado Oficial\r\n                <\/span>\r\n\r\n                <h1 class=\"text-3xl md:text-4xl font-extrabold text-gray-900 mb-4 leading-tight\">\r\n                    Estamos de cara nova.\r\n                <\/h1>\r\n                \r\n                <p class=\"text-gray-600 text-lg mb-8 font-light leading-relaxed\">\r\n                    A <strong class=\"text-gray-900\">GET84<\/strong> est\u00e1 evoluindo para se tornar <strong class=\"text-gray-900\">GO84<\/strong>. <br>\r\n                    <span class=\"text-sm mt-3 block opacity-80\">Uma nova marca para refletir a evolu\u00e7\u00e3o dos nossos servi\u00e7os e nosso compromisso com o futuro.<\/span>\r\n                <\/p>\r\n\r\n                <!-- Bot\u00e3o CTA WhatsApp (Cor Oficial para destaque) -->\r\n                <a href=\"https:\/\/wa.me\/5581993508070\" \r\n                   target=\"_blank\"\r\n                   title=\"Falar no (81) 9.9350-8070\"\r\n                   class=\"group flex items-center justify-center gap-4 bg-[#25D366] hover:bg-[#20bd5a] text-white px-8 py-4 rounded-xl transition-all shadow-lg hover:shadow-xl hover:-translate-y-1 w-full md:w-auto\">\r\n                    \r\n                    <!-- \u00cdcone WhatsApp (Imagem fornecida) - Filtro removido para cor original -->\r\n                    <img decoding=\"async\" src=\"https:\/\/get84.com.br\/wp-content\/uploads\/2025\/09\/whatsapp-svgrepo-com.png\" \r\n                         alt=\"WhatsApp\" \r\n                         class=\"w-8 h-8 object-contain\">\r\n                    \r\n                    <span class=\"font-bold text-lg\">Fale conosco<\/span>\r\n                <\/a>\r\n\r\n            <\/div>\r\n\r\n            <!-- Lado Direito: Visual das Logos (Fundo Branco com divisor sutil) -->\r\n            <div class=\"w-full md:w-2\/5 bg-white p-10 flex flex-col items-center justify-center border-t md:border-t-0 md:border-l border-gray-100 gap-10 relative\">\r\n                \r\n                <!-- Logo Antiga -->\r\n                <div class=\"flex flex-col items-center w-full group\">\r\n                    <span class=\"text-xs font-semibold text-gray-400 uppercase tracking-wider mb-3 group-hover:text-gray-600 transition-colors\">Antes<\/span>\r\n                    <div class=\"w-32 h-auto opacity-50 grayscale transition-all duration-300 group-hover:grayscale-0 group-hover:opacity-100\">\r\n                         <img decoding=\"async\" src=\"https:\/\/get84.com.br\/wp-content\/uploads\/2025\/09\/logogetvazada3.png\" \r\n                              alt=\"Logo GET84\" \r\n                              class=\"w-full h-auto object-contain\">\r\n                    <\/div>\r\n                <\/div>\r\n\r\n                <!-- Seta de Transi\u00e7\u00e3o -->\r\n                <div class=\"text-gray-300\">\r\n                    <svg xmlns=\"http:\/\/www.w3.org\/2000\/svg\" class=\"h-6 w-6 animate-bounce\" fill=\"none\" viewBox=\"0 0 24 24\" stroke=\"currentColor\">\r\n                        <path stroke-linecap=\"round\" stroke-linejoin=\"round\" stroke-width=\"2\" d=\"M19 14l-7 7m0 0l-7-7m7 7V3\" \/>\r\n                    <\/svg>\r\n                <\/div>\r\n\r\n                <!-- Logo Nova -->\r\n                <div class=\"flex flex-col items-center w-full\">\r\n                    <span class=\"text-xs font-bold text-gray-900 uppercase tracking-wider mb-4 px-2 py-1 bg-gray-50 rounded border border-gray-100\">Em Breve<\/span>\r\n                    <div class=\"w-48 md:w-60 transition-transform duration-500 hover:scale-105\">\r\n                         <img decoding=\"async\" src=\"https:\/\/get84.com.br\/wp-content\/uploads\/2026\/01\/GO84-scaled.png\" \r\n                              alt=\"Logo GO84\" \r\n                              class=\"w-full h-auto object-contain\">\r\n                    <\/div>\r\n                <\/div>\r\n\r\n            <\/div>\r\n        <\/div>\r\n    <\/div>\r\n\r\n    <footer class=\"absolute bottom-4 text-center text-gray-300 text-xs\">\r\n        &copy; 2026 GO84.\r\n    <\/footer>\r\n\r\n<\/body>\r\n<\/html>\t\t\t\t<\/div>\n\t\t\t\t<\/div>\n\t\t\t\t<\/div>\n\t\t\t\t<\/div>\n\t\t","protected":false},"excerpt":{"rendered":"<p>GO84 &#8211; Uma evolu\u00e7\u00e3o da GET84 Comunicado Oficial Estamos de cara nova. A GET84 est\u00e1 evoluindo para se tornar GO84. Uma nova marca para refletir a evolu\u00e7\u00e3o dos nossos servi\u00e7os e nosso compromisso com o futuro. Fale conosco Antes Em Breve &copy; 2026 GO84.<\/p>\n","protected":false},"author":1,"featured_media":0,"parent":0,"menu_order":0,"comment_status":"closed","ping_status":"closed","template":"elementor_canvas","meta":{"footnotes":""},"class_list":["post-1357","page","type-page","status-publish","hentry"],"_links":{"self":[{"href":"https:\/\/get84.com.br\/index.php\/wp-json\/wp\/v2\/pages\/1357","targetHints":{"allow":["GET"]}}],"collection":[{"href":"https:\/\/get84.com.br\/index.php\/wp-json\/wp\/v2\/pages"}],"about":[{"href":"https:\/\/get84.com.br\/index.php\/wp-json\/wp\/v2\/types\/page"}],"author":[{"embeddable":true,"href":"https:\/\/get84.com.br\/index.php\/wp-json\/wp\/v2\/users\/1"}],"replies":[{"embeddable":true,"href":"https:\/\/get84.com.br\/index.php\/wp-json\/wp\/v2\/comments?post=1357"}],"version-history":[{"count":22,"href":"https:\/\/get84.com.br\/index.php\/wp-json\/wp\/v2\/pages\/1357\/revisions"}],"predecessor-version":[{"id":1382,"href":"https:\/\/get84.com.br\/index.php\/wp-json\/wp\/v2\/pages\/1357\/revisions\/1382"}],"wp:attachment":[{"href":"https:\/\/get84.com.br\/index.php\/wp-json\/wp\/v2\/media?parent=1357"}],"curies":[{"name":"wp","href":"https:\/\/api.w.org\/{rel}","templated":true}]}}